{"id":90,"date":"2021-11-19T08:52:34","date_gmt":"2021-11-19T08:52:34","guid":{"rendered":"https:\/\/hvammurcottages.is\/?page_id=90"},"modified":"2025-07-14T11:53:29","modified_gmt":"2025-07-14T11:53:29","slug":"um-okkur","status":"publish","type":"page","link":"https:\/\/hvammurcottages.is\/is\/um-okkur\/","title":{"rendered":"Um okkur"},"content":{"rendered":"\t\t<div data-elementor-type=\"wp-page\" data-elementor-id=\"90\" class=\"elementor elementor-90\" data-elementor-post-type=\"page\">\n\t\t\t\t\t\t<section class=\"elementor-section elementor-top-section elementor-element elementor-element-6ec873d elementor-section-boxed elementor-section-height-default elementor-section-height-default\" data-id=\"6ec873d\" data-element_type=\"section\" data-e-type=\"section\" data-settings=\"{&quot;background_background&quot;:&quot;classic&quot;}\">\n\t\t\t\t\t\t\t<div class=\"elementor-background-overlay\"><\/div>\n\t\t\t\t\t\t\t<div class=\"elementor-container elementor-column-gap-default\">\n\t\t\t\t\t<div class=\"elementor-column elementor-col-100 elementor-top-column elementor-element elementor-element-d76e8a6\" data-id=\"d76e8a6\" data-element_type=\"column\" data-e-type=\"column\">\n\t\t\t<div class=\"elementor-widget-wrap elementor-element-populated\">\n\t\t\t\t\t\t<section class=\"elementor-section elementor-inner-section elementor-element elementor-element-5bb029c elementor-section-boxed elementor-section-height-default elementor-section-height-default\" data-id=\"5bb029c\" data-element_type=\"section\" data-e-type=\"section\">\n\t\t\t\t\t\t<div class=\"elementor-container elementor-column-gap-default\">\n\t\t\t\t\t<div class=\"elementor-column elementor-col-50 elementor-inner-column elementor-element elementor-element-c458209\" data-id=\"c458209\" data-element_type=\"column\" data-e-type=\"column\" data-settings=\"{&quot;background_background&quot;:&quot;gradient&quot;}\">\n\t\t\t<div class=\"elementor-widget-wrap elementor-element-populated\">\n\t\t\t\t\t\t<div class=\"elementor-element elementor-element-35b8af5 elementor-widget elementor-widget-heading\" data-id=\"35b8af5\" data-element_type=\"widget\" data-e-type=\"widget\" data-widget_type=\"heading.default\">\n\t\t\t\t<div class=\"elementor-widget-container\">\n\t\t\t\t\t<h2 class=\"elementor-heading-title elementor-size-default\">Um okkur<\/h2>\t\t\t\t<\/div>\n\t\t\t\t<\/div>\n\t\t\t\t<div class=\"elementor-element elementor-element-cd50407 elementor-widget-divider--view-line elementor-widget elementor-widget-divider\" data-id=\"cd50407\" data-element_type=\"widget\" data-e-type=\"widget\" data-widget_type=\"divider.default\">\n\t\t\t\t<div class=\"elementor-widget-container\">\n\t\t\t\t\t\t\t<div class=\"elementor-divider\">\n\t\t\t<span class=\"elementor-divider-separator\">\n\t\t\t\t\t\t<\/span>\n\t\t<\/div>\n\t\t\t\t\t\t<\/div>\n\t\t\t\t<\/div>\n\t\t\t\t\t<\/div>\n\t\t<\/div>\n\t\t\t\t<div class=\"elementor-column elementor-col-50 elementor-inner-column elementor-element elementor-element-53055f5 elementor-hidden-tablet elementor-hidden-phone\" data-id=\"53055f5\" data-element_type=\"column\" data-e-type=\"column\">\n\t\t\t<div class=\"elementor-widget-wrap\">\n\t\t\t\t\t\t\t<\/div>\n\t\t<\/div>\n\t\t\t\t\t<\/div>\n\t\t<\/section>\n\t\t\t\t\t<\/div>\n\t\t<\/div>\n\t\t\t\t\t<\/div>\n\t\t<\/section>\n\t\t\t\t<section class=\"elementor-section elementor-top-section elementor-element elementor-element-64f8cb6c elementor-section-content-middle elementor-section-boxed elementor-section-height-default elementor-section-height-default\" data-id=\"64f8cb6c\" data-element_type=\"section\" data-e-type=\"section\" data-settings=\"{&quot;background_background&quot;:&quot;classic&quot;}\">\n\t\t\t\t\t\t<div class=\"elementor-container elementor-column-gap-default\">\n\t\t\t\t\t<div class=\"elementor-column elementor-col-50 elementor-top-column elementor-element elementor-element-613bec57\" data-id=\"613bec57\" data-element_type=\"column\" data-e-type=\"column\">\n\t\t\t<div class=\"elementor-widget-wrap elementor-element-populated\">\n\t\t\t\t\t\t<div class=\"elementor-element elementor-element-0e36173 elementor-widget elementor-widget-image\" data-id=\"0e36173\" data-element_type=\"widget\" data-e-type=\"widget\" data-widget_type=\"image.default\">\n\t\t\t\t<div class=\"elementor-widget-container\">\n\t\t\t\t\t\t\t\t\t\t\t\t\t\t\t<img fetchpriority=\"high\" decoding=\"async\" width=\"768\" height=\"513\" src=\"https:\/\/hvammurcottages.is\/wp-content\/uploads\/2025\/02\/g7-2-768x513.jpg\" class=\"attachment-full size-full wp-image-4232\" alt=\"\" srcset=\"https:\/\/hvammurcottages.is\/wp-content\/uploads\/2025\/02\/g7-2-768x513.jpg 768w, https:\/\/hvammurcottages.is\/wp-content\/uploads\/2025\/02\/g7-2-768x513-300x200.jpg 300w\" sizes=\"(max-width: 768px) 100vw, 768px\" \/>\t\t\t\t\t\t\t\t\t\t\t\t\t\t\t<\/div>\n\t\t\t\t<\/div>\n\t\t\t\t<div class=\"elementor-element elementor-element-55186c6 elementor-widget__width-initial elementor-absolute elementor-widget-tablet__width-initial elementor-widget-mobile__width-initial elementor-widget elementor-widget-image\" data-id=\"55186c6\" data-element_type=\"widget\" data-e-type=\"widget\" data-settings=\"{&quot;_position&quot;:&quot;absolute&quot;}\" data-widget_type=\"image.default\">\n\t\t\t\t<div class=\"elementor-widget-container\">\n\t\t\t\t\t\t\t\t\t\t\t\t\t\t\t<img decoding=\"async\" width=\"300\" height=\"169\" src=\"https:\/\/hvammurcottages.is\/wp-content\/uploads\/2025\/02\/g38-1-768x432-300x169.jpg\" class=\"attachment-medium size-medium wp-image-4086\" alt=\"\" srcset=\"https:\/\/hvammurcottages.is\/wp-content\/uploads\/2025\/02\/g38-1-768x432-300x169.jpg 300w, https:\/\/hvammurcottages.is\/wp-content\/uploads\/2025\/02\/g38-1-768x432.jpg 768w\" sizes=\"(max-width: 300px) 100vw, 300px\" \/>\t\t\t\t\t\t\t\t\t\t\t\t\t\t\t<\/div>\n\t\t\t\t<\/div>\n\t\t\t\t\t<\/div>\n\t\t<\/div>\n\t\t\t\t<div class=\"elementor-column elementor-col-50 elementor-top-column elementor-element elementor-element-670d1383\" data-id=\"670d1383\" data-element_type=\"column\" data-e-type=\"column\">\n\t\t\t<div class=\"elementor-widget-wrap elementor-element-populated\">\n\t\t\t\t\t\t<div class=\"elementor-element elementor-element-447072e3 elementor-widget elementor-widget-spacer\" data-id=\"447072e3\" data-element_type=\"widget\" data-e-type=\"widget\" data-widget_type=\"spacer.default\">\n\t\t\t\t<div class=\"elementor-widget-container\">\n\t\t\t\t\t\t\t<div class=\"elementor-spacer\">\n\t\t\t<div class=\"elementor-spacer-inner\"><\/div>\n\t\t<\/div>\n\t\t\t\t\t\t<\/div>\n\t\t\t\t<\/div>\n\t\t\t\t<div class=\"elementor-element elementor-element-7a51b8f5 elementor-widget elementor-widget-text-editor\" data-id=\"7a51b8f5\" data-element_type=\"widget\" data-e-type=\"widget\" data-widget_type=\"text-editor.default\">\n\t\t\t\t<div class=\"elementor-widget-container\">\n\t\t\t\t\t\t\t\t\t<p>Benedikt og Sign\u00fd reka gistih\u00fasin \u00ed Hvammi vi\u00f0 \u00e1rbakka Bjarnafjar\u00f0ar\u00e1r \u00e1 Str\u00f6ndum. Hj\u00f3nin keyptu Hvamm \u00e1ri\u00f0 2017 en \u00fe\u00e1 var eitt h\u00fas \u00e1 j\u00f6r\u00f0inni. \u00deau h\u00f3fu flj\u00f3tlega byggingu \u00e1 fleiri h\u00fasum sem n\u00fa eru or\u00f0in fimm og heitur pottur vi\u00f0 \u00f6ll h\u00fasin. \u00deau eiga einnig r\u00famg\u00f3\u00f0a \u00edb\u00fa\u00f0 \u00e1 H\u00f3lmav\u00edk me\u00f0 svefnpl\u00e1ss fyrir allt a\u00f0 6 manns.&nbsp; Bora\u00f0ar hafa veri\u00f0 \u00ferj\u00e1r borholur \u00e1 landareigninni, tv\u00e6r me\u00f0 heitu vatni og ein me\u00f0 k\u00f6ldu. \u00d3h\u00e6tt er a\u00f0 drekka b\u00e6\u00f0i heita og kalda vatni\u00f0 beint \u00far krananum.<\/p>\t\t\t\t\t\t\t\t<\/div>\n\t\t\t\t<\/div>\n\t\t\t\t\t<\/div>\n\t\t<\/div>\n\t\t\t\t\t<\/div>\n\t\t<\/section>\n\t\t\t\t<section class=\"elementor-section elementor-top-section elementor-element elementor-element-3687d836 elementor-section-boxed elementor-section-height-default elementor-section-height-default\" data-id=\"3687d836\" data-element_type=\"section\" data-e-type=\"section\">\n\t\t\t\t\t\t<div class=\"elementor-container elementor-column-gap-no\">\n\t\t\t\t\t<div class=\"elementor-column elementor-col-100 elementor-top-column elementor-element elementor-element-7eeb0383\" data-id=\"7eeb0383\" data-element_type=\"column\" data-e-type=\"column\">\n\t\t\t<div class=\"elementor-widget-wrap elementor-element-populated\">\n\t\t\t\t\t\t<div class=\"elementor-element elementor-element-3f329eab elementor-view-stacked elementor-shape-square elementor-position-inline-start elementor-mobile-position-block-start elementor-widget elementor-widget-icon-box\" data-id=\"3f329eab\" data-element_type=\"widget\" data-e-type=\"widget\" data-widget_type=\"icon-box.default\">\n\t\t\t\t<div class=\"elementor-widget-container\">\n\t\t\t\t\t\t\t<div class=\"elementor-icon-box-wrapper\">\n\n\t\t\t\t\t\t<div class=\"elementor-icon-box-icon\">\n\t\t\t\t<span  class=\"elementor-icon\">\n\t\t\t\t<i aria-hidden=\"true\" class=\"fas fa-leaf\"><\/i>\t\t\t\t<\/span>\n\t\t\t<\/div>\n\t\t\t\n\t\t\t\t\t\t<div class=\"elementor-icon-box-content\">\n\n\t\t\t\t\t\t\t\t\t<h3 class=\"elementor-icon-box-title\">\n\t\t\t\t\t\t<span  >\n\t\t\t\t\t\t\tBjarnarfj\u00f6r\u00f0ur og n\u00e1grenni\t\t\t\t\t\t<\/span>\n\t\t\t\t\t<\/h3>\n\t\t\t\t\n\t\t\t\t\n\t\t\t<\/div>\n\t\t\t\n\t\t<\/div>\n\t\t\t\t\t\t<\/div>\n\t\t\t\t<\/div>\n\t\t\t\t\t<\/div>\n\t\t<\/div>\n\t\t\t\t\t<\/div>\n\t\t<\/section>\n\t\t\t\t<section class=\"elementor-section elementor-top-section elementor-element elementor-element-1ccbf887 elementor-section-boxed elementor-section-height-default elementor-section-height-default\" data-id=\"1ccbf887\" data-element_type=\"section\" data-e-type=\"section\">\n\t\t\t\t\t\t<div class=\"elementor-container elementor-column-gap-no\">\n\t\t\t\t\t<div class=\"elementor-column elementor-col-100 elementor-top-column elementor-element elementor-element-2ad1b9aa\" data-id=\"2ad1b9aa\" data-element_type=\"column\" data-e-type=\"column\">\n\t\t\t<div class=\"elementor-widget-wrap elementor-element-populated\">\n\t\t\t\t\t\t<div class=\"elementor-element elementor-element-5bd5feb4 elementor-widget elementor-widget-text-editor\" data-id=\"5bd5feb4\" data-element_type=\"widget\" data-e-type=\"widget\" data-widget_type=\"text-editor.default\">\n\t\t\t\t<div class=\"elementor-widget-container\">\n\t\t\t\t\t\t\t\t\t<p>Bjarnarfj\u00f6r\u00f0ur er n\u00e6sti fj\u00f6r\u00f0ur nor\u00f0an vi\u00f0 Steingr\u00edmsfj\u00f6r\u00f0, \u00a0og er sv\u00e6\u00f0i\u00f0 \u00e1kaflega fallegt og gr\u00f3i\u00f0. Sv\u00e6\u00f0i\u00f0 hentar vel til styttri og lengri g\u00f6ngufer\u00f0a og m\u00e1 \u00fear nefna Go\u00f0afoss sem rennur \u00far \u00e1nni Hallardals\u00e1 en fossinn s\u00e9st ekki fr\u00e1 veginum. Fj\u00f6lbreyttir \u00fativistarm\u00f6guleikar, hestafer\u00f0ir, vei\u00f0i og sko\u00f0unarfer\u00f0ir. Fj\u00f6rufer\u00f0 \u00ed rekavi\u00f0in \u00e1 Nesstr\u00f6ndinni ver\u00f0a allir a\u00f0 pr\u00f3fa. \u00a0Bjarnarfj\u00f6r\u00f0ur b\u00ed\u00f0ur upp \u00e1 \u00fdmislegt og m\u00e1 helst \u00fear nefna Gvendarlaug og Kotb\u00fdli Kuklarans. Stutt er \u00e1 Drangsnes en \u00fear eru siglingar til Gr\u00edmseyjar , veitingah\u00fas, pottarnir vi\u00f0 fj\u00f6rubor\u00f0i\u00f0 og a\u00f0 \u00f3gleymdri tr\u00f6llskessunni Kerlingu. \u00c1 H\u00f3lmav\u00edk er golfv\u00f6llur, Galdras\u00fdning \u00e1 Str\u00f6ndum, hvalasko\u00f0un og veitingah\u00fas.<\/p>\t\t\t\t\t\t\t\t<\/div>\n\t\t\t\t<\/div>\n\t\t\t\t\t<\/div>\n\t\t<\/div>\n\t\t\t\t\t<\/div>\n\t\t<\/section>\n\t\t\t\t<\/div>\n\t\t","protected":false},"excerpt":{"rendered":"<p>Um okkur Benedikt og Sign\u00fd reka gistih\u00fasin \u00ed Hvammi vi\u00f0 \u00e1rbakka Bjarnafjar\u00f0ar\u00e1r \u00e1 Str\u00f6ndum. Hj\u00f3nin keyptu Hvamm \u00e1ri\u00f0 2017 en \u00fe\u00e1 var eitt h\u00fas \u00e1 j\u00f6r\u00f0inni. \u00deau h\u00f3fu flj\u00f3tlega byggingu \u00e1 fleiri h\u00fasum sem n\u00fa eru or\u00f0in fimm og heitur pottur vi\u00f0 \u00f6ll h\u00fasin. \u00deau eiga einnig r\u00famg\u00f3\u00f0a \u00edb\u00fa\u00f0 \u00e1 H\u00f3lmav\u00edk me\u00f0 svefnpl\u00e1ss fyrir allt [&hellip;]<\/p>\n","protected":false},"author":1,"featured_media":0,"parent":0,"menu_order":0,"comment_status":"closed","ping_status":"closed","template":"","meta":{"footnotes":""},"class_list":["post-90","page","type-page","status-publish","hentry"],"yoast_head":"<!-- This site is optimized with the Yoast SEO plugin v27.5 - https:\/\/yoast.com\/product\/yoast-seo-wordpress\/ -->\n<title>Um okkur - Hvammur Cottages<\/title>\n<meta name=\"robots\" content=\"index, follow, max-snippet:-1, max-image-preview:large, max-video-preview:-1\" \/>\n<link rel=\"canonical\" href=\"https:\/\/hvammurcottages.is\/is\/um-okkur\/\" \/>\n<meta property=\"og:locale\" content=\"is_IS\" \/>\n<meta property=\"og:type\" content=\"article\" \/>\n<meta property=\"og:title\" content=\"Um okkur - Hvammur Cottages\" \/>\n<meta property=\"og:description\" content=\"Um okkur Benedikt og Sign\u00fd reka gistih\u00fasin \u00ed Hvammi vi\u00f0 \u00e1rbakka Bjarnafjar\u00f0ar\u00e1r \u00e1 Str\u00f6ndum. Hj\u00f3nin keyptu Hvamm \u00e1ri\u00f0 2017 en \u00fe\u00e1 var eitt h\u00fas \u00e1 j\u00f6r\u00f0inni. \u00deau h\u00f3fu flj\u00f3tlega byggingu \u00e1 fleiri h\u00fasum sem n\u00fa eru or\u00f0in fimm og heitur pottur vi\u00f0 \u00f6ll h\u00fasin. \u00deau eiga einnig r\u00famg\u00f3\u00f0a \u00edb\u00fa\u00f0 \u00e1 H\u00f3lmav\u00edk me\u00f0 svefnpl\u00e1ss fyrir allt [&hellip;]\" \/>\n<meta property=\"og:url\" content=\"https:\/\/hvammurcottages.is\/is\/um-okkur\/\" \/>\n<meta property=\"og:site_name\" content=\"Hvammur Cottages\" \/>\n<meta property=\"article:publisher\" content=\"https:\/\/www.facebook.com\/hvammurcottages\" \/>\n<meta property=\"article:modified_time\" content=\"2025-07-14T11:53:29+00:00\" \/>\n<meta property=\"og:image\" content=\"https:\/\/hvammurcottages.is\/wp-content\/uploads\/2025\/02\/g7-2-768x513.jpg\" \/>\n\t<meta property=\"og:image:width\" content=\"768\" \/>\n\t<meta property=\"og:image:height\" content=\"513\" \/>\n\t<meta property=\"og:image:type\" content=\"image\/jpeg\" \/>\n<meta name=\"twitter:card\" content=\"summary_large_image\" \/>\n<meta name=\"twitter:label1\" content=\"Est. reading time\" \/>\n\t<meta name=\"twitter:data1\" content=\"1 minute\" \/>\n<script type=\"application\/ld+json\" class=\"yoast-schema-graph\">{\"@context\":\"https:\\\/\\\/schema.org\",\"@graph\":[{\"@type\":\"WebPage\",\"@id\":\"https:\\\/\\\/hvammurcottages.is\\\/is\\\/um-okkur\\\/\",\"url\":\"https:\\\/\\\/hvammurcottages.is\\\/is\\\/um-okkur\\\/\",\"name\":\"Um okkur - Hvammur Cottages\",\"isPartOf\":{\"@id\":\"https:\\\/\\\/hvammurcottages.is\\\/#website\"},\"primaryImageOfPage\":{\"@id\":\"https:\\\/\\\/hvammurcottages.is\\\/is\\\/um-okkur\\\/#primaryimage\"},\"image\":{\"@id\":\"https:\\\/\\\/hvammurcottages.is\\\/is\\\/um-okkur\\\/#primaryimage\"},\"thumbnailUrl\":\"https:\\\/\\\/hvammurcottages.is\\\/wp-content\\\/uploads\\\/2025\\\/02\\\/g7-2-768x513.jpg\",\"datePublished\":\"2021-11-19T08:52:34+00:00\",\"dateModified\":\"2025-07-14T11:53:29+00:00\",\"breadcrumb\":{\"@id\":\"https:\\\/\\\/hvammurcottages.is\\\/is\\\/um-okkur\\\/#breadcrumb\"},\"inLanguage\":\"is\",\"potentialAction\":[{\"@type\":\"ReadAction\",\"target\":[\"https:\\\/\\\/hvammurcottages.is\\\/is\\\/um-okkur\\\/\"]}]},{\"@type\":\"ImageObject\",\"inLanguage\":\"is\",\"@id\":\"https:\\\/\\\/hvammurcottages.is\\\/is\\\/um-okkur\\\/#primaryimage\",\"url\":\"https:\\\/\\\/hvammurcottages.is\\\/wp-content\\\/uploads\\\/2025\\\/02\\\/g7-2-768x513.jpg\",\"contentUrl\":\"https:\\\/\\\/hvammurcottages.is\\\/wp-content\\\/uploads\\\/2025\\\/02\\\/g7-2-768x513.jpg\"},{\"@type\":\"BreadcrumbList\",\"@id\":\"https:\\\/\\\/hvammurcottages.is\\\/is\\\/um-okkur\\\/#breadcrumb\",\"itemListElement\":[{\"@type\":\"ListItem\",\"position\":1,\"name\":\"Home\",\"item\":\"https:\\\/\\\/hvammurcottages.is\\\/\"},{\"@type\":\"ListItem\",\"position\":2,\"name\":\"Um okkur\"}]},{\"@type\":\"WebSite\",\"@id\":\"https:\\\/\\\/hvammurcottages.is\\\/#website\",\"url\":\"https:\\\/\\\/hvammurcottages.is\\\/\",\"name\":\"Hvammur Cottages\",\"description\":\"Iceland\",\"publisher\":{\"@id\":\"https:\\\/\\\/hvammurcottages.is\\\/#organization\"},\"potentialAction\":[{\"@type\":\"SearchAction\",\"target\":{\"@type\":\"EntryPoint\",\"urlTemplate\":\"https:\\\/\\\/hvammurcottages.is\\\/?s={search_term_string}\"},\"query-input\":{\"@type\":\"PropertyValueSpecification\",\"valueRequired\":true,\"valueName\":\"search_term_string\"}}],\"inLanguage\":\"is\"},{\"@type\":\"Organization\",\"@id\":\"https:\\\/\\\/hvammurcottages.is\\\/#organization\",\"name\":\"Hvammur Cottages\",\"url\":\"https:\\\/\\\/hvammurcottages.is\\\/\",\"logo\":{\"@type\":\"ImageObject\",\"inLanguage\":\"is\",\"@id\":\"https:\\\/\\\/hvammurcottages.is\\\/#\\\/schema\\\/logo\\\/image\\\/\",\"url\":\"https:\\\/\\\/hvammurcottages.is\\\/wp-content\\\/uploads\\\/2025\\\/08\\\/logo.png\",\"contentUrl\":\"https:\\\/\\\/hvammurcottages.is\\\/wp-content\\\/uploads\\\/2025\\\/08\\\/logo.png\",\"width\":500,\"height\":500,\"caption\":\"Hvammur Cottages\"},\"image\":{\"@id\":\"https:\\\/\\\/hvammurcottages.is\\\/#\\\/schema\\\/logo\\\/image\\\/\"},\"sameAs\":[\"https:\\\/\\\/www.facebook.com\\\/hvammurcottages\",\"https:\\\/\\\/www.instagram.com\\\/hvammurcottages\\\/\"]}]}<\/script>\n<!-- \/ Yoast SEO plugin. -->","yoast_head_json":{"title":"Um okkur - Hvammur Cottages","robots":{"index":"index","follow":"follow","max-snippet":"max-snippet:-1","max-image-preview":"max-image-preview:large","max-video-preview":"max-video-preview:-1"},"canonical":"https:\/\/hvammurcottages.is\/is\/um-okkur\/","og_locale":"is_IS","og_type":"article","og_title":"Um okkur - Hvammur Cottages","og_description":"Um okkur Benedikt og Sign\u00fd reka gistih\u00fasin \u00ed Hvammi vi\u00f0 \u00e1rbakka Bjarnafjar\u00f0ar\u00e1r \u00e1 Str\u00f6ndum. Hj\u00f3nin keyptu Hvamm \u00e1ri\u00f0 2017 en \u00fe\u00e1 var eitt h\u00fas \u00e1 j\u00f6r\u00f0inni. \u00deau h\u00f3fu flj\u00f3tlega byggingu \u00e1 fleiri h\u00fasum sem n\u00fa eru or\u00f0in fimm og heitur pottur vi\u00f0 \u00f6ll h\u00fasin. \u00deau eiga einnig r\u00famg\u00f3\u00f0a \u00edb\u00fa\u00f0 \u00e1 H\u00f3lmav\u00edk me\u00f0 svefnpl\u00e1ss fyrir allt [&hellip;]","og_url":"https:\/\/hvammurcottages.is\/is\/um-okkur\/","og_site_name":"Hvammur Cottages","article_publisher":"https:\/\/www.facebook.com\/hvammurcottages","article_modified_time":"2025-07-14T11:53:29+00:00","og_image":[{"width":768,"height":513,"url":"https:\/\/hvammurcottages.is\/wp-content\/uploads\/2025\/02\/g7-2-768x513.jpg","type":"image\/jpeg"}],"twitter_card":"summary_large_image","twitter_misc":{"Est. reading time":"1 minute"},"schema":{"@context":"https:\/\/schema.org","@graph":[{"@type":"WebPage","@id":"https:\/\/hvammurcottages.is\/is\/um-okkur\/","url":"https:\/\/hvammurcottages.is\/is\/um-okkur\/","name":"Um okkur - Hvammur Cottages","isPartOf":{"@id":"https:\/\/hvammurcottages.is\/#website"},"primaryImageOfPage":{"@id":"https:\/\/hvammurcottages.is\/is\/um-okkur\/#primaryimage"},"image":{"@id":"https:\/\/hvammurcottages.is\/is\/um-okkur\/#primaryimage"},"thumbnailUrl":"https:\/\/hvammurcottages.is\/wp-content\/uploads\/2025\/02\/g7-2-768x513.jpg","datePublished":"2021-11-19T08:52:34+00:00","dateModified":"2025-07-14T11:53:29+00:00","breadcrumb":{"@id":"https:\/\/hvammurcottages.is\/is\/um-okkur\/#breadcrumb"},"inLanguage":"is","potentialAction":[{"@type":"ReadAction","target":["https:\/\/hvammurcottages.is\/is\/um-okkur\/"]}]},{"@type":"ImageObject","inLanguage":"is","@id":"https:\/\/hvammurcottages.is\/is\/um-okkur\/#primaryimage","url":"https:\/\/hvammurcottages.is\/wp-content\/uploads\/2025\/02\/g7-2-768x513.jpg","contentUrl":"https:\/\/hvammurcottages.is\/wp-content\/uploads\/2025\/02\/g7-2-768x513.jpg"},{"@type":"BreadcrumbList","@id":"https:\/\/hvammurcottages.is\/is\/um-okkur\/#breadcrumb","itemListElement":[{"@type":"ListItem","position":1,"name":"Home","item":"https:\/\/hvammurcottages.is\/"},{"@type":"ListItem","position":2,"name":"Um okkur"}]},{"@type":"WebSite","@id":"https:\/\/hvammurcottages.is\/#website","url":"https:\/\/hvammurcottages.is\/","name":"Hvammur Cottages","description":"Iceland","publisher":{"@id":"https:\/\/hvammurcottages.is\/#organization"},"potentialAction":[{"@type":"SearchAction","target":{"@type":"EntryPoint","urlTemplate":"https:\/\/hvammurcottages.is\/?s={search_term_string}"},"query-input":{"@type":"PropertyValueSpecification","valueRequired":true,"valueName":"search_term_string"}}],"inLanguage":"is"},{"@type":"Organization","@id":"https:\/\/hvammurcottages.is\/#organization","name":"Hvammur Cottages","url":"https:\/\/hvammurcottages.is\/","logo":{"@type":"ImageObject","inLanguage":"is","@id":"https:\/\/hvammurcottages.is\/#\/schema\/logo\/image\/","url":"https:\/\/hvammurcottages.is\/wp-content\/uploads\/2025\/08\/logo.png","contentUrl":"https:\/\/hvammurcottages.is\/wp-content\/uploads\/2025\/08\/logo.png","width":500,"height":500,"caption":"Hvammur Cottages"},"image":{"@id":"https:\/\/hvammurcottages.is\/#\/schema\/logo\/image\/"},"sameAs":["https:\/\/www.facebook.com\/hvammurcottages","https:\/\/www.instagram.com\/hvammurcottages\/"]}]}},"_links":{"self":[{"href":"https:\/\/hvammurcottages.is\/is\/wp-json\/wp\/v2\/pages\/90","targetHints":{"allow":["GET"]}}],"collection":[{"href":"https:\/\/hvammurcottages.is\/is\/wp-json\/wp\/v2\/pages"}],"about":[{"href":"https:\/\/hvammurcottages.is\/is\/wp-json\/wp\/v2\/types\/page"}],"author":[{"embeddable":true,"href":"https:\/\/hvammurcottages.is\/is\/wp-json\/wp\/v2\/users\/1"}],"replies":[{"embeddable":true,"href":"https:\/\/hvammurcottages.is\/is\/wp-json\/wp\/v2\/comments?post=90"}],"version-history":[{"count":51,"href":"https:\/\/hvammurcottages.is\/is\/wp-json\/wp\/v2\/pages\/90\/revisions"}],"predecessor-version":[{"id":4489,"href":"https:\/\/hvammurcottages.is\/is\/wp-json\/wp\/v2\/pages\/90\/revisions\/4489"}],"wp:attachment":[{"href":"https:\/\/hvammurcottages.is\/is\/wp-json\/wp\/v2\/media?parent=90"}],"curies":[{"name":"wp","href":"https:\/\/api.w.org\/{rel}","templated":true}]}}